{"id":487,"date":"2020-09-07T09:01:54","date_gmt":"2020-09-07T09:01:54","guid":{"rendered":"http:\/\/wpdemo.archiwp.com\/maxbizz\/?page_id=487"},"modified":"2022-11-07T20:29:29","modified_gmt":"2022-11-07T19:29:29","slug":"o-firmie","status":"publish","type":"page","link":"https:\/\/donacontador.pl\/index.php\/o-firmie\/","title":{"rendered":"O firmie"},"content":{"rendered":"\t\t<div data-elementor-type=\"wp-page\" data-elementor-id=\"487\" class=\"elementor elementor-487\">\n\t\t\t\t\t\t\t\t\t<section class=\"elementor-section elementor-top-section elementor-element elementor-element-97ebdc4 elementor-section-boxed elementor-section-height-default elementor-section-height-default\" data-id=\"97ebdc4\" data-element_type=\"section\" data-settings=\"{&quot;background_background&quot;:&quot;classic&quot;}\">\n\t\t\t\t\t\t<div class=\"elementor-container elementor-column-gap-default\">\n\t\t\t\t\t<div class=\"elementor-column elementor-col-100 elementor-top-column elementor-element elementor-element-1feb286 ot-flex-column-vertical\" data-id=\"1feb286\" data-element_type=\"column\">\n\t\t\t<div class=\"elementor-widget-wrap elementor-element-populated\">\n\t\t\t\t\t\t\t\t<div class=\"elementor-element elementor-element-b4e7101 elementor-widget elementor-widget-spacer\" data-id=\"b4e7101\" data-element_type=\"widget\" data-widget_type=\"spacer.default\">\n\t\t\t\t<div class=\"elementor-widget-container\">\n\t\t\t\t\t<div class=\"elementor-spacer\">\n\t\t\t<div class=\"elementor-spacer-inner\"><\/div>\n\t\t<\/div>\n\t\t\t\t<\/div>\n\t\t\t\t<\/div>\n\t\t\t\t<div class=\"elementor-element elementor-element-841e06b elementor-widget elementor-widget-iheading\" data-id=\"841e06b\" data-element_type=\"widget\" data-widget_type=\"iheading.default\">\n\t\t\t\t<div class=\"elementor-widget-container\">\n\t\t\t\t\t<div class=\"ot-heading\">\r\n\t        <span class=\"is_highlight\">o firmie<\/span>\t        <h3 class=\"main-head\">Kilka s\u0142\u00f3w o nas<\/h3>\t    <\/div>\r\n\t    \t\t<\/div>\n\t\t\t\t<\/div>\n\t\t\t\t<div class=\"elementor-element elementor-element-bb4f4ed elementor-widget elementor-widget-text-editor\" data-id=\"bb4f4ed\" data-element_type=\"widget\" data-widget_type=\"text-editor.default\">\n\t\t\t\t<div class=\"elementor-widget-container\">\n\t\t\t\t\t\t\t<h6 class=\"gmail_default\">Sp\u00f3\u0142ka Dona Contador Sp. z o.o. oferuje:<\/h6><div class=\"gmail_default\">&#8211; us\u0142ugi ksi\u0119gowe<\/div><div class=\"gmail_default\">&#8211; doradztwo personalne<\/div><div class=\"gmail_default\">&#8211; doradztwo prawne\u00a0<\/div><div>\u00a0<\/div><h6 class=\"gmail_default\">Obs\u0142ugujemy jednoosobowe dzia\u0142alno\u015bci gospodarcze, rycza\u0142t, sp\u00f3\u0142ki cywilne i sp\u00f3\u0142ki z o.o.<\/h6><div class=\"gmail_default\">&#8211; pomoc przy zak\u0142adaniu firm.\u00a0<\/div><div class=\"gmail_default\">&#8211; konsultacje i wsp\u00f3lne rozwi\u0105zywanie problem\u00f3w.<\/div><div class=\"gmail_default\">&#8211; kompleksow\u0105\u00a0obs\u0142ug\u0119 uwzgl\u0119dniaj\u0105c\u0105 specyfik\u0119 dzia\u0142alno\u015bci.\u00a0<\/div><div class=\"gmail_default\">&#8211; obs\u0142ug\u0119 kadrow\u0105 i p\u0142acow\u0105 firm oraz ZUS<\/div><div class=\"gmail_default\">&#8211; obs\u0142ug\u0119 prawn\u0105 w zakresie spraw gospodarczych i prawa\u00a0pracy jak r\u00f3wnie\u017c przy zak\u0142adaniu sp\u00f3\u0142ek, ich rejestracji w KRS, przekszta\u0142cenia, \u0142\u0105czenia, likwidacja<\/div>\t\t\t\t\t\t<\/div>\n\t\t\t\t<\/div>\n\t\t\t\t\t<\/div>\n\t\t<\/div>\n\t\t\t\t\t\t\t<\/div>\n\t\t<\/section>\n\t\t\t\t<section class=\"elementor-section elementor-top-section elementor-element elementor-element-c2e33d8 elementor-section-boxed elementor-section-height-default elementor-section-height-default\" data-id=\"c2e33d8\" data-element_type=\"section\">\n\t\t\t\t\t\t<div class=\"elementor-container elementor-column-gap-default\">\n\t\t\t\t\t<div class=\"elementor-column elementor-col-100 elementor-top-column elementor-element elementor-element-a059b88 ot-flex-column-vertical\" data-id=\"a059b88\" data-element_type=\"column\">\n\t\t\t<div class=\"elementor-widget-wrap elementor-element-populated\">\n\t\t\t\t\t\t\t\t<div class=\"elementor-element elementor-element-30d6de6 elementor-widget elementor-widget-spacer\" data-id=\"30d6de6\" data-element_type=\"widget\" data-widget_type=\"spacer.default\">\n\t\t\t\t<div class=\"elementor-widget-container\">\n\t\t\t\t\t<div class=\"elementor-spacer\">\n\t\t\t<div class=\"elementor-spacer-inner\"><\/div>\n\t\t<\/div>\n\t\t\t\t<\/div>\n\t\t\t\t<\/div>\n\t\t\t\t\t<\/div>\n\t\t<\/div>\n\t\t\t\t\t\t\t<\/div>\n\t\t<\/section>\n\t\t\t\t\t\t\t<\/div>\n\t\t","protected":false},"excerpt":{"rendered":"<p>o firmie Kilka s\u0142\u00f3w o nas Sp\u00f3\u0142ka Dona Contador Sp. z o.o. oferuje: &#8211; us\u0142ugi ksi\u0119gowe- doradztwo personalne- doradztwo prawne\u00a0\u00a0 Obs\u0142ugujemy jednoosobowe dzia\u0142alno\u015bci gospodarcze, rycza\u0142t, sp\u00f3\u0142ki cywilne i sp\u00f3\u0142ki z o.o. &#8211; pomoc przy zak\u0142adaniu firm.\u00a0&#8211; konsultacje i wsp\u00f3lne rozwi\u0105zywanie problem\u00f3w.- kompleksow\u0105\u00a0obs\u0142ug\u0119 uwzgl\u0119dniaj\u0105c\u0105 specyfik\u0119 dzia\u0142alno\u015bci.\u00a0&#8211; obs\u0142ug\u0119 kadrow\u0105 i p\u0142acow\u0105 firm oraz ZUS- obs\u0142ug\u0119 prawn\u0105 w [&hellip;]<\/p>\n","protected":false},"author":1,"featured_media":0,"parent":0,"menu_order":0,"comment_status":"closed","ping_status":"closed","template":"","meta":{"footnotes":""},"class_list":["post-487","page","type-page","status-publish","hentry"],"_links":{"self":[{"href":"https:\/\/donacontador.pl\/index.php\/wp-json\/wp\/v2\/pages\/487","targetHints":{"allow":["GET"]}}],"collection":[{"href":"https:\/\/donacontador.pl\/index.php\/wp-json\/wp\/v2\/pages"}],"about":[{"href":"https:\/\/donacontador.pl\/index.php\/wp-json\/wp\/v2\/types\/page"}],"author":[{"embeddable":true,"href":"https:\/\/donacontador.pl\/index.php\/wp-json\/wp\/v2\/users\/1"}],"replies":[{"embeddable":true,"href":"https:\/\/donacontador.pl\/index.php\/wp-json\/wp\/v2\/comments?post=487"}],"version-history":[{"count":79,"href":"https:\/\/donacontador.pl\/index.php\/wp-json\/wp\/v2\/pages\/487\/revisions"}],"predecessor-version":[{"id":2791,"href":"https:\/\/donacontador.pl\/index.php\/wp-json\/wp\/v2\/pages\/487\/revisions\/2791"}],"wp:attachment":[{"href":"https:\/\/donacontador.pl\/index.php\/wp-json\/wp\/v2\/media?parent=487"}],"curies":[{"name":"wp","href":"https:\/\/api.w.org\/{rel}","templated":true}]}}