{"id":690,"date":"2020-09-09T09:37:48","date_gmt":"2020-09-09T09:37:48","guid":{"rendered":"http:\/\/wpdemo.archiwp.com\/maxbizz\/?page_id=690"},"modified":"2022-11-08T21:14:20","modified_gmt":"2022-11-08T20:14:20","slug":"oferta","status":"publish","type":"page","link":"https:\/\/donacontador.pl\/index.php\/oferta\/","title":{"rendered":"Oferta"},"content":{"rendered":"\t\t<div data-elementor-type=\"wp-page\" data-elementor-id=\"690\" class=\"elementor elementor-690\">\n\t\t\t\t\t\t\t\t\t<section class=\"elementor-section elementor-top-section elementor-element elementor-element-ddbc734 elementor-section-boxed elementor-section-height-default elementor-section-height-default\" data-id=\"ddbc734\" data-element_type=\"section\">\n\t\t\t\t\t\t<div class=\"elementor-container elementor-column-gap-default\">\n\t\t\t\t\t<div class=\"elementor-column elementor-col-100 elementor-top-column elementor-element elementor-element-af7b96b ot-flex-column-vertical\" data-id=\"af7b96b\" data-element_type=\"column\">\n\t\t\t<div class=\"elementor-widget-wrap elementor-element-populated\">\n\t\t\t\t\t\t\t\t<div class=\"elementor-element elementor-element-c7f5796 elementor-widget elementor-widget-heading\" data-id=\"c7f5796\" data-element_type=\"widget\" data-widget_type=\"heading.default\">\n\t\t\t\t<div class=\"elementor-widget-container\">\n\t\t\t<h3 class=\"elementor-heading-title elementor-size-default\">Obs\u0142ugujemy:<\/h3>\t\t<\/div>\n\t\t\t\t<\/div>\n\t\t\t\t<div class=\"elementor-element elementor-element-f8c64c5 elementor-widget elementor-widget-text-editor\" data-id=\"f8c64c5\" data-element_type=\"widget\" data-widget_type=\"text-editor.default\">\n\t\t\t\t<div class=\"elementor-widget-container\">\n\t\t\t\t\t\t\t<ul><li>Firmy jednoosobowe<\/li><li>Firmy krajowe<\/li><li>Sp\u00f3\u0142ki cywilne<\/li><li>Sp\u00f3\u0142ki z o.o.<\/li><\/ul>\t\t\t\t\t\t<\/div>\n\t\t\t\t<\/div>\n\t\t\t\t\t<\/div>\n\t\t<\/div>\n\t\t\t\t\t\t\t<\/div>\n\t\t<\/section>\n\t\t\t\t<section class=\"elementor-section elementor-top-section elementor-element elementor-element-780a79e elementor-section-boxed elementor-section-height-default elementor-section-height-default\" data-id=\"780a79e\" data-element_type=\"section\">\n\t\t\t\t\t\t<div class=\"elementor-container elementor-column-gap-default\">\n\t\t\t\t\t<div class=\"elementor-column elementor-col-100 elementor-top-column elementor-element elementor-element-693d268 ot-flex-column-vertical\" data-id=\"693d268\" data-element_type=\"column\">\n\t\t\t<div class=\"elementor-widget-wrap elementor-element-populated\">\n\t\t\t\t\t\t\t\t<div class=\"elementor-element elementor-element-7c4f34d elementor-widget elementor-widget-heading\" data-id=\"7c4f34d\" data-element_type=\"widget\" data-widget_type=\"heading.default\">\n\t\t\t\t<div class=\"elementor-widget-container\">\n\t\t\t<h3 class=\"elementor-heading-title elementor-size-default\">Co mo\u017cemy dla Ciebie zrobi\u0107?<\/h3>\t\t<\/div>\n\t\t\t\t<\/div>\n\t\t\t\t\t<\/div>\n\t\t<\/div>\n\t\t\t\t\t\t\t<\/div>\n\t\t<\/section>\n\t\t\t\t<section class=\"elementor-section elementor-top-section elementor-element elementor-element-e9c6665 elementor-section-boxed elementor-section-height-default elementor-section-height-default\" data-id=\"e9c6665\" data-element_type=\"section\">\n\t\t\t\t\t\t<div class=\"elementor-container elementor-column-gap-default\">\n\t\t\t\t\t<div class=\"elementor-column elementor-col-50 elementor-top-column elementor-element elementor-element-b8964f7 ot-flex-column-vertical\" data-id=\"b8964f7\" data-element_type=\"column\">\n\t\t\t<div class=\"elementor-widget-wrap elementor-element-populated\">\n\t\t\t\t\t\t\t\t<div class=\"elementor-element elementor-element-e777ed6 elementor-widget elementor-widget-heading\" data-id=\"e777ed6\" data-element_type=\"widget\" data-widget_type=\"heading.default\">\n\t\t\t\t<div class=\"elementor-widget-container\">\n\t\t\t<h5 class=\"elementor-heading-title elementor-size-default\">Us\u0142ugi ksi\u0119gowe<\/h5>\t\t<\/div>\n\t\t\t\t<\/div>\n\t\t\t\t<div class=\"elementor-element elementor-element-ac833fe elementor-widget elementor-widget-text-editor\" data-id=\"ac833fe\" data-element_type=\"widget\" data-widget_type=\"text-editor.default\">\n\t\t\t\t<div class=\"elementor-widget-container\">\n\t\t\t\t\t\t\t<ul><li>Ewidencja \u015brodk\u00f3w trwa\u0142ych<\/li><li>Karta podatkowa<\/li><li>Prowadzenie ksi\u0105\u017cki przychod\u00f3w i rozchod\u00f3w<\/li><li>Przygotowywanie sprawozda\u0144 finansowych<\/li><li>Roczne rozliczanie dzia\u0142alno\u015bci<\/li><li>Rozliczanie rycza\u0142tu ewidencjonowanego<\/li><li><div class=\"gmail_default\">Rozliczanie najmu prywatnego.\u00a0<\/div><\/li><li><div class=\"gmail_default\">Rozliczanie WNT, WDT, Import, Export<\/div><\/li><\/ul>\t\t\t\t\t\t<\/div>\n\t\t\t\t<\/div>\n\t\t\t\t\t<\/div>\n\t\t<\/div>\n\t\t\t\t<div class=\"elementor-column elementor-col-50 elementor-top-column elementor-element elementor-element-188518a ot-flex-column-vertical\" data-id=\"188518a\" data-element_type=\"column\">\n\t\t\t<div class=\"elementor-widget-wrap elementor-element-populated\">\n\t\t\t\t\t\t\t\t<div class=\"elementor-element elementor-element-dc0712d elementor-widget elementor-widget-heading\" data-id=\"dc0712d\" data-element_type=\"widget\" data-widget_type=\"heading.default\">\n\t\t\t\t<div class=\"elementor-widget-container\">\n\t\t\t<h5 class=\"elementor-heading-title elementor-size-default\">Obs\u0142uga p\u0142acowa<\/h5>\t\t<\/div>\n\t\t\t\t<\/div>\n\t\t\t\t<div class=\"elementor-element elementor-element-c7744a0 elementor-widget elementor-widget-text-editor\" data-id=\"c7744a0\" data-element_type=\"widget\" data-widget_type=\"text-editor.default\">\n\t\t\t\t<div class=\"elementor-widget-container\">\n\t\t\t\t\t\t\t<ul><li>Deklaracje ZUS<\/li><li>Listy p\u0142ac<\/li><li>Rozliczanie PIT<\/li><li>Sk\u0142adki ZUS<\/li><\/ul>\t\t\t\t\t\t<\/div>\n\t\t\t\t<\/div>\n\t\t\t\t\t<\/div>\n\t\t<\/div>\n\t\t\t\t\t\t\t<\/div>\n\t\t<\/section>\n\t\t\t\t<section class=\"elementor-section elementor-top-section elementor-element elementor-element-31841eb elementor-section-boxed elementor-section-height-default elementor-section-height-default\" data-id=\"31841eb\" data-element_type=\"section\">\n\t\t\t\t\t\t<div class=\"elementor-container elementor-column-gap-default\">\n\t\t\t\t\t<div class=\"elementor-column elementor-col-50 elementor-top-column elementor-element elementor-element-0cd5cfc ot-flex-column-vertical\" data-id=\"0cd5cfc\" data-element_type=\"column\">\n\t\t\t<div class=\"elementor-widget-wrap elementor-element-populated\">\n\t\t\t\t\t\t\t\t<div class=\"elementor-element elementor-element-a04baf3 elementor-widget elementor-widget-heading\" data-id=\"a04baf3\" data-element_type=\"widget\" data-widget_type=\"heading.default\">\n\t\t\t\t<div class=\"elementor-widget-container\">\n\t\t\t<h5 class=\"elementor-heading-title elementor-size-default\">Obs\u0142uga kadrowa<\/h5>\t\t<\/div>\n\t\t\t\t<\/div>\n\t\t\t\t<div class=\"elementor-element elementor-element-2242fb1 elementor-widget elementor-widget-text-editor\" data-id=\"2242fb1\" data-element_type=\"widget\" data-widget_type=\"text-editor.default\">\n\t\t\t\t<div class=\"elementor-widget-container\">\n\t\t\t\t\t\t\t<ul><li>Dokumentacja kadrowa<\/li><li>Dokumentacja urlopowa<\/li><li>Sporz\u0105dzanie um\u00f3w o prac\u0119<\/li><li>\u015awiadectwa pracy<\/li><li>Umowy cywilnoprawne<\/li><\/ul>\t\t\t\t\t\t<\/div>\n\t\t\t\t<\/div>\n\t\t\t\t\t<\/div>\n\t\t<\/div>\n\t\t\t\t<div class=\"elementor-column elementor-col-50 elementor-top-column elementor-element elementor-element-64536dc ot-flex-column-vertical\" data-id=\"64536dc\" data-element_type=\"column\">\n\t\t\t<div class=\"elementor-widget-wrap elementor-element-populated\">\n\t\t\t\t\t\t\t\t<div class=\"elementor-element elementor-element-d3935d2 elementor-widget elementor-widget-heading\" data-id=\"d3935d2\" data-element_type=\"widget\" data-widget_type=\"heading.default\">\n\t\t\t\t<div class=\"elementor-widget-container\">\n\t\t\t<h5 class=\"elementor-heading-title elementor-size-default\">Doradztwo biznesowe<\/h5>\t\t<\/div>\n\t\t\t\t<\/div>\n\t\t\t\t<div class=\"elementor-element elementor-element-96bf5c4 elementor-widget elementor-widget-text-editor\" data-id=\"96bf5c4\" data-element_type=\"widget\" data-widget_type=\"text-editor.default\">\n\t\t\t\t<div class=\"elementor-widget-container\">\n\t\t\t\t\t\t\t<ul><li>Zak\u0142adanie i rejestracja dzia\u0142alno\u015bci gospodarczej<\/li><li>Zg\u0142oszenia aktualizacyjne<\/li><li>Zg\u0142oszenia identyfikacyjne<\/li><li><div class=\"gmail_default\">Uk\u0142ady ratalne z Urz\u0119dem Skarbowym i ZUS &#8211; pe\u0142na obs\u0142uga.<\/div><\/li><li><div class=\"gmail_default\">WIORIN<\/div><\/li><li><div class=\"gmail_default\">PIORIN<\/div><\/li><li><div class=\"gmail_default\">WIJHARS<\/div><\/li><li><div class=\"gmail_default\">GIJHARS<\/div><\/li><li><div class=\"gmail_default\">TRACES<\/div><\/li><\/ul>\t\t\t\t\t\t<\/div>\n\t\t\t\t<\/div>\n\t\t\t\t\t<\/div>\n\t\t<\/div>\n\t\t\t\t\t\t\t<\/div>\n\t\t<\/section>\n\t\t\t\t<section class=\"elementor-section elementor-top-section elementor-element elementor-element-1beb701 elementor-section-boxed elementor-section-height-default elementor-section-height-default\" data-id=\"1beb701\" data-element_type=\"section\">\n\t\t\t\t\t\t<div class=\"elementor-container elementor-column-gap-default\">\n\t\t\t\t\t<div class=\"elementor-column elementor-col-50 elementor-top-column elementor-element elementor-element-283719f ot-flex-column-vertical\" data-id=\"283719f\" data-element_type=\"column\">\n\t\t\t<div class=\"elementor-widget-wrap elementor-element-populated\">\n\t\t\t\t\t\t\t\t<div class=\"elementor-element elementor-element-9e27895 elementor-widget elementor-widget-heading\" data-id=\"9e27895\" data-element_type=\"widget\" data-widget_type=\"heading.default\">\n\t\t\t\t<div class=\"elementor-widget-container\">\n\t\t\t<h5 class=\"elementor-heading-title elementor-size-default\">Informacje dodatkowe<\/h5>\t\t<\/div>\n\t\t\t\t<\/div>\n\t\t\t\t<div class=\"elementor-element elementor-element-cc0e7cf elementor-widget elementor-widget-text-editor\" data-id=\"cc0e7cf\" data-element_type=\"widget\" data-widget_type=\"text-editor.default\">\n\t\t\t\t<div class=\"elementor-widget-container\">\n\t\t\t\t\t\t\t<ul><li>Firma ubezpieczona OC<\/li><\/ul>\t\t\t\t\t\t<\/div>\n\t\t\t\t<\/div>\n\t\t\t\t\t<\/div>\n\t\t<\/div>\n\t\t\t\t<div class=\"elementor-column elementor-col-50 elementor-top-column elementor-element elementor-element-cbc93f3 ot-flex-column-vertical\" data-id=\"cbc93f3\" data-element_type=\"column\">\n\t\t\t<div class=\"elementor-widget-wrap elementor-element-populated\">\n\t\t\t\t\t\t\t\t<div class=\"elementor-element elementor-element-03b6c90 elementor-widget elementor-widget-text-editor\" data-id=\"03b6c90\" data-element_type=\"widget\" data-widget_type=\"text-editor.default\">\n\t\t\t\t<div class=\"elementor-widget-container\">\n\t\t\t\t\t\t\t\t\t\t\t\t\t<\/div>\n\t\t\t\t<\/div>\n\t\t\t\t\t<\/div>\n\t\t<\/div>\n\t\t\t\t\t\t\t<\/div>\n\t\t<\/section>\n\t\t\t\t<section class=\"elementor-section elementor-top-section elementor-element elementor-element-f6b7a5f elementor-section-boxed elementor-section-height-default elementor-section-height-default\" data-id=\"f6b7a5f\" data-element_type=\"section\">\n\t\t\t\t\t\t<div class=\"elementor-container elementor-column-gap-default\">\n\t\t\t\t\t<div class=\"elementor-column elementor-col-100 elementor-top-column elementor-element elementor-element-0a247f3 ot-flex-column-vertical\" data-id=\"0a247f3\" data-element_type=\"column\">\n\t\t\t<div class=\"elementor-widget-wrap elementor-element-populated\">\n\t\t\t\t\t\t\t\t<div class=\"elementor-element elementor-element-d12b985 elementor-widget elementor-widget-spacer\" data-id=\"d12b985\" data-element_type=\"widget\" data-widget_type=\"spacer.default\">\n\t\t\t\t<div class=\"elementor-widget-container\">\n\t\t\t\t\t<div class=\"elementor-spacer\">\n\t\t\t<div class=\"elementor-spacer-inner\"><\/div>\n\t\t<\/div>\n\t\t\t\t<\/div>\n\t\t\t\t<\/div>\n\t\t\t\t\t<\/div>\n\t\t<\/div>\n\t\t\t\t\t\t\t<\/div>\n\t\t<\/section>\n\t\t\t\t\t\t\t<\/div>\n\t\t","protected":false},"excerpt":{"rendered":"<p>Obs\u0142ugujemy: Firmy jednoosobowe Firmy krajowe Sp\u00f3\u0142ki cywilne Sp\u00f3\u0142ki z o.o. Co mo\u017cemy dla Ciebie zrobi\u0107? Us\u0142ugi ksi\u0119gowe Ewidencja \u015brodk\u00f3w trwa\u0142ych Karta podatkowa Prowadzenie ksi\u0105\u017cki przychod\u00f3w i rozchod\u00f3w Przygotowywanie sprawozda\u0144 finansowych Roczne rozliczanie dzia\u0142alno\u015bci Rozliczanie rycza\u0142tu ewidencjonowanego Rozliczanie najmu prywatnego.\u00a0 Rozliczanie WNT, WDT, Import, Export Obs\u0142uga p\u0142acowa Deklaracje ZUS Listy p\u0142ac Rozliczanie PIT Sk\u0142adki ZUS Obs\u0142uga [&hellip;]<\/p>\n","protected":false},"author":1,"featured_media":0,"parent":0,"menu_order":0,"comment_status":"closed","ping_status":"closed","template":"","meta":{"footnotes":""},"class_list":["post-690","page","type-page","status-publish","hentry"],"_links":{"self":[{"href":"https:\/\/donacontador.pl\/index.php\/wp-json\/wp\/v2\/pages\/690","targetHints":{"allow":["GET"]}}],"collection":[{"href":"https:\/\/donacontador.pl\/index.php\/wp-json\/wp\/v2\/pages"}],"about":[{"href":"https:\/\/donacontador.pl\/index.php\/wp-json\/wp\/v2\/types\/page"}],"author":[{"embeddable":true,"href":"https:\/\/donacontador.pl\/index.php\/wp-json\/wp\/v2\/users\/1"}],"replies":[{"embeddable":true,"href":"https:\/\/donacontador.pl\/index.php\/wp-json\/wp\/v2\/comments?post=690"}],"version-history":[{"count":89,"href":"https:\/\/donacontador.pl\/index.php\/wp-json\/wp\/v2\/pages\/690\/revisions"}],"predecessor-version":[{"id":2794,"href":"https:\/\/donacontador.pl\/index.php\/wp-json\/wp\/v2\/pages\/690\/revisions\/2794"}],"wp:attachment":[{"href":"https:\/\/donacontador.pl\/index.php\/wp-json\/wp\/v2\/media?parent=690"}],"curies":[{"name":"wp","href":"https:\/\/api.w.org\/{rel}","templated":true}]}}