{"id":868,"date":"2020-09-11T08:07:08","date_gmt":"2020-09-11T08:07:08","guid":{"rendered":"http:\/\/wpdemo.archiwp.com\/maxbizz\/?page_id=868"},"modified":"2022-11-07T19:39:34","modified_gmt":"2022-11-07T18:39:34","slug":"zakladanie-firm","status":"publish","type":"page","link":"https:\/\/donacontador.pl\/index.php\/zakladanie-firm\/","title":{"rendered":"Zak\u0142adanie firm"},"content":{"rendered":"\t\t<div data-elementor-type=\"wp-page\" data-elementor-id=\"868\" class=\"elementor elementor-868\">\n\t\t\t\t\t\t\t\t\t<section class=\"elementor-section elementor-top-section elementor-element elementor-element-1f000ac elementor-section-boxed elementor-section-height-default elementor-section-height-default\" data-id=\"1f000ac\" data-element_type=\"section\">\n\t\t\t\t\t\t<div class=\"elementor-container elementor-column-gap-default\">\n\t\t\t\t\t<div class=\"elementor-column elementor-col-100 elementor-top-column elementor-element elementor-element-dd59609 ot-flex-column-vertical\" data-id=\"dd59609\" data-element_type=\"column\">\n\t\t\t<div class=\"elementor-widget-wrap\">\n\t\t\t\t\t\t\t\t\t<\/div>\n\t\t<\/div>\n\t\t\t\t\t\t\t<\/div>\n\t\t<\/section>\n\t\t\t\t<section class=\"elementor-section elementor-top-section elementor-element elementor-element-42f783be elementor-section-full_width elementor-section-height-default elementor-section-height-default\" data-id=\"42f783be\" data-element_type=\"section\" data-settings=\"{&quot;background_background&quot;:&quot;classic&quot;}\">\n\t\t\t\t\t\t<div class=\"elementor-container elementor-column-gap-default\">\n\t\t\t\t\t<div class=\"elementor-column elementor-col-50 elementor-top-column elementor-element elementor-element-2c2fc45f ot-column-items-center ot-flex-column-vertical\" data-id=\"2c2fc45f\" data-element_type=\"column\">\n\t\t\t<div class=\"elementor-widget-wrap\">\n\t\t\t\t\t\t\t\t\t<\/div>\n\t\t<\/div>\n\t\t\t\t<div class=\"elementor-column elementor-col-50 elementor-top-column elementor-element elementor-element-3d510331 ot-flex-column-vertical\" data-id=\"3d510331\" data-element_type=\"column\" data-settings=\"{&quot;background_background&quot;:&quot;classic&quot;}\">\n\t\t\t<div class=\"elementor-widget-wrap elementor-element-populated\">\n\t\t\t\t\t\t\t\t<div class=\"elementor-element elementor-element-bbf5c68 elementor-widget elementor-widget-iheading\" data-id=\"bbf5c68\" data-element_type=\"widget\" data-widget_type=\"iheading.default\">\n\t\t\t\t<div class=\"elementor-widget-container\">\n\t\t\t\t\t<div class=\"ot-heading\">\r\n\t        <span class=\"is_highlight\">Wsparcie w starcie biznesu<\/span>\t        <h3 class=\"main-head\">Zak\u0142adanie firm<\/h3>\t    <\/div>\r\n\t    \t\t<\/div>\n\t\t\t\t<\/div>\n\t\t\t\t<div class=\"elementor-element elementor-element-6e8bea1 elementor-widget elementor-widget-heading\" data-id=\"6e8bea1\" data-element_type=\"widget\" data-widget_type=\"heading.default\">\n\t\t\t\t<div class=\"elementor-widget-container\">\n\t\t\t<h5 class=\"elementor-heading-title elementor-size-default\">JDG<\/h5>\t\t<\/div>\n\t\t\t\t<\/div>\n\t\t\t\t<div class=\"elementor-element elementor-element-9eda2d4 elementor-widget elementor-widget-text-editor\" data-id=\"9eda2d4\" data-element_type=\"widget\" data-widget_type=\"text-editor.default\">\n\t\t\t\t<div class=\"elementor-widget-container\">\n\t\t\t\t\t\t\t<p><b>JDG<\/b>\u00a0to jedna z popularniejszych form prowadzenia dzia\u0142alno\u015bci w Polsce. Wybieraj\u0105 j\u0105 niejednokrotnie osoby decyduj\u0105ce si\u0119 na samozatrudnienie. Za\u0142o\u017cenie jednoosobowej dzia\u0142alno\u015bci gospodarczej nie jest te\u017c skomplikowane i nie wymaga posiada kapita\u0142u pocz\u0105tkowego.Za\u0142o\u017cenie jdg jest bezp\u0142atne.W jednoosobowych dzia\u0142alno\u015bciach funkcjonuje\u00a0uproszczona ksi\u0119gowo\u015b\u0107.Mo\u017cemy do woli dysponowa\u0107 pieni\u0119dzmi\u00a0bo pieni\u0105dze te s\u0105 nasze i nie nale\u017c\u0105 wy\u0142\u0105cznie do naszej dzia\u0142alno\u015bci. P\u0142acimy\u00a0podatek dochodowy w zale\u017cno\u015bci od wybranej formy opodatkowania.<\/p>\t\t\t\t\t\t<\/div>\n\t\t\t\t<\/div>\n\t\t\t\t<div class=\"elementor-element elementor-element-c7aba9f elementor-widget elementor-widget-spacer\" data-id=\"c7aba9f\" data-element_type=\"widget\" data-widget_type=\"spacer.default\">\n\t\t\t\t<div class=\"elementor-widget-container\">\n\t\t\t\t\t<div class=\"elementor-spacer\">\n\t\t\t<div class=\"elementor-spacer-inner\"><\/div>\n\t\t<\/div>\n\t\t\t\t<\/div>\n\t\t\t\t<\/div>\n\t\t\t\t<div class=\"elementor-element elementor-element-7005afa8 elementor-widget elementor-widget-heading\" data-id=\"7005afa8\" data-element_type=\"widget\" data-widget_type=\"heading.default\">\n\t\t\t\t<div class=\"elementor-widget-container\">\n\t\t\t<h5 class=\"elementor-heading-title elementor-size-default\">Sp\u00f3\u0142ka z o.o.<\/h5>\t\t<\/div>\n\t\t\t\t<\/div>\n\t\t\t\t<div class=\"elementor-element elementor-element-6aa1465e elementor-widget elementor-widget-text-editor\" data-id=\"6aa1465e\" data-element_type=\"widget\" data-widget_type=\"text-editor.default\">\n\t\t\t\t<div class=\"elementor-widget-container\">\n\t\t\t\t\t\t\t<p>Najpopularniejsza forma prawna prowadzenia dzia\u0142alno\u015bci gospodarczej w wi\u0119kszym rozmiarze. Ograniczona odpowiedzialno\u015b\u0107 w\u0142a\u015bcicieli za zobowi\u0105zania sp\u00f3\u0142ki do wysoko\u015bci wk\u0142ad\u00f3w. Sp\u00f3\u0142ka jest p\u0142atnikiem podatku dochodowego od os\u00f3b prawnych. Minimalny kapita\u0142 zak\u0142adowy to 5000 z\u0142. Wsp\u00f3lnicy decyduj\u0105 o tym, w jakiej formie chc\u0105 wnie\u015b\u0107 kapita\u0142 zak\u0142adowy.<\/p>\t\t\t\t\t\t<\/div>\n\t\t\t\t<\/div>\n\t\t\t\t\t<\/div>\n\t\t<\/div>\n\t\t\t\t\t\t\t<\/div>\n\t\t<\/section>\n\t\t\t\t<section class=\"elementor-section elementor-top-section elementor-element elementor-element-e3d2395 elementor-section-boxed elementor-section-height-default elementor-section-height-default\" data-id=\"e3d2395\" data-element_type=\"section\">\n\t\t\t\t\t\t<div class=\"elementor-container elementor-column-gap-default\">\n\t\t\t\t\t<div class=\"elementor-column elementor-col-100 elementor-top-column elementor-element elementor-element-4f61b93 ot-flex-column-vertical\" data-id=\"4f61b93\" data-element_type=\"column\">\n\t\t\t<div class=\"elementor-widget-wrap elementor-element-populated\">\n\t\t\t\t\t\t\t\t<div class=\"elementor-element elementor-element-8dd15c4 elementor-widget elementor-widget-spacer\" data-id=\"8dd15c4\" data-element_type=\"widget\" data-widget_type=\"spacer.default\">\n\t\t\t\t<div class=\"elementor-widget-container\">\n\t\t\t\t\t<div class=\"elementor-spacer\">\n\t\t\t<div class=\"elementor-spacer-inner\"><\/div>\n\t\t<\/div>\n\t\t\t\t<\/div>\n\t\t\t\t<\/div>\n\t\t\t\t\t<\/div>\n\t\t<\/div>\n\t\t\t\t\t\t\t<\/div>\n\t\t<\/section>\n\t\t\t\t<section class=\"elementor-section elementor-top-section elementor-element elementor-element-0e44b03 elementor-section-boxed elementor-section-height-default elementor-section-height-default\" data-id=\"0e44b03\" data-element_type=\"section\">\n\t\t\t\t\t\t<div class=\"elementor-container elementor-column-gap-default\">\n\t\t\t\t\t<div class=\"elementor-column elementor-col-100 elementor-top-column elementor-element elementor-element-d92d880 ot-flex-column-vertical\" data-id=\"d92d880\" data-element_type=\"column\">\n\t\t\t<div class=\"elementor-widget-wrap elementor-element-populated\">\n\t\t\t\t\t\t\t\t<div class=\"elementor-element elementor-element-83bd0eb elementor-widget elementor-widget-iheading\" data-id=\"83bd0eb\" data-element_type=\"widget\" data-widget_type=\"iheading.default\">\n\t\t\t\t<div class=\"elementor-widget-container\">\n\t\t\t\t\t<div class=\"ot-heading\">\r\n\t        \t        <h3 class=\"main-head\">Potrzebujesz wsparcia w za\u0142o\u017ceniu firmy?<\/h3>\t    <\/div>\r\n\t    \t\t<\/div>\n\t\t\t\t<\/div>\n\t\t\t\t<div class=\"elementor-element elementor-element-b2895c6 elementor-align-center elementor-widget elementor-widget-ibutton\" data-id=\"b2895c6\" data-element_type=\"widget\" data-widget_type=\"ibutton.default\">\n\t\t\t\t<div class=\"elementor-widget-container\">\n\t\t\t\t\t<div class=\"ot-button\">\r\n\t\t\t<a href=\"https:\/\/donacontador.pl\/index.php\/kontakt-z-nami\/\" class=\"octf-btn octf-btn-main\">Napisz do nas<\/a>\r\n\t    <\/div>\r\n\t    \t\t<\/div>\n\t\t\t\t<\/div>\n\t\t\t\t\t<\/div>\n\t\t<\/div>\n\t\t\t\t\t\t\t<\/div>\n\t\t<\/section>\n\t\t\t\t<section class=\"elementor-section elementor-top-section elementor-element elementor-element-02efa58 elementor-section-boxed elementor-section-height-default elementor-section-height-default\" data-id=\"02efa58\" data-element_type=\"section\">\n\t\t\t\t\t\t<div class=\"elementor-container elementor-column-gap-default\">\n\t\t\t\t\t<div class=\"elementor-column elementor-col-100 elementor-top-column elementor-element elementor-element-bc4e366 ot-flex-column-vertical\" data-id=\"bc4e366\" data-element_type=\"column\">\n\t\t\t<div class=\"elementor-widget-wrap elementor-element-populated\">\n\t\t\t\t\t\t\t\t<div class=\"elementor-element elementor-element-791c058 elementor-widget elementor-widget-spacer\" data-id=\"791c058\" data-element_type=\"widget\" data-widget_type=\"spacer.default\">\n\t\t\t\t<div class=\"elementor-widget-container\">\n\t\t\t\t\t<div class=\"elementor-spacer\">\n\t\t\t<div class=\"elementor-spacer-inner\"><\/div>\n\t\t<\/div>\n\t\t\t\t<\/div>\n\t\t\t\t<\/div>\n\t\t\t\t\t<\/div>\n\t\t<\/div>\n\t\t\t\t\t\t\t<\/div>\n\t\t<\/section>\n\t\t\t\t\t\t\t<\/div>\n\t\t","protected":false},"excerpt":{"rendered":"<p>Wsparcie w starcie biznesu Zak\u0142adanie firm JDG JDG\u00a0to jedna z popularniejszych form prowadzenia dzia\u0142alno\u015bci w Polsce. Wybieraj\u0105 j\u0105 niejednokrotnie osoby decyduj\u0105ce si\u0119 na samozatrudnienie. Za\u0142o\u017cenie jednoosobowej dzia\u0142alno\u015bci gospodarczej nie jest te\u017c skomplikowane i nie wymaga posiada kapita\u0142u pocz\u0105tkowego.Za\u0142o\u017cenie jdg jest bezp\u0142atne.W jednoosobowych dzia\u0142alno\u015bciach funkcjonuje\u00a0uproszczona ksi\u0119gowo\u015b\u0107.Mo\u017cemy do woli dysponowa\u0107 pieni\u0119dzmi\u00a0bo pieni\u0105dze te s\u0105 nasze i nie [&hellip;]<\/p>\n","protected":false},"author":1,"featured_media":0,"parent":0,"menu_order":0,"comment_status":"closed","ping_status":"closed","template":"","meta":{"footnotes":""},"class_list":["post-868","page","type-page","status-publish","hentry"],"_links":{"self":[{"href":"https:\/\/donacontador.pl\/index.php\/wp-json\/wp\/v2\/pages\/868","targetHints":{"allow":["GET"]}}],"collection":[{"href":"https:\/\/donacontador.pl\/index.php\/wp-json\/wp\/v2\/pages"}],"about":[{"href":"https:\/\/donacontador.pl\/index.php\/wp-json\/wp\/v2\/types\/page"}],"author":[{"embeddable":true,"href":"https:\/\/donacontador.pl\/index.php\/wp-json\/wp\/v2\/users\/1"}],"replies":[{"embeddable":true,"href":"https:\/\/donacontador.pl\/index.php\/wp-json\/wp\/v2\/comments?post=868"}],"version-history":[{"count":113,"href":"https:\/\/donacontador.pl\/index.php\/wp-json\/wp\/v2\/pages\/868\/revisions"}],"predecessor-version":[{"id":2752,"href":"https:\/\/donacontador.pl\/index.php\/wp-json\/wp\/v2\/pages\/868\/revisions\/2752"}],"wp:attachment":[{"href":"https:\/\/donacontador.pl\/index.php\/wp-json\/wp\/v2\/media?parent=868"}],"curies":[{"name":"wp","href":"https:\/\/api.w.org\/{rel}","templated":true}]}}